{"id":84,"date":"2024-02-11T16:08:39","date_gmt":"2024-02-11T15:08:39","guid":{"rendered":"https:\/\/mysticalwanderers.de\/?page_id=84"},"modified":"2024-02-11T19:01:17","modified_gmt":"2024-02-11T18:01:17","slug":"kontakt","status":"publish","type":"page","link":"https:\/\/mysticalwanderers.de\/en\/kontakt\/","title":{"rendered":"Contact"},"content":{"rendered":"<div class=\"wp-block-uagb-container uagb-block-65841001 alignfull uagb-is-root-container\"><div class=\"uagb-container-inner-blocks-wrap\">\n<div class=\"wp-block-divi-layout\">[et_pb_section fb_built=&#8220;1&#8243; _builder_version=&#8220;4.23.4&#8243; _module_preset=&#8220;default&#8220; background_color=&#8220;rgba(255,255,255,0)&#8220; custom_padding=&#8220;0px||0px||false|false&#8220; global_colors_info=&#8220;{}&#8220;][et_pb_row _builder_version=&#8220;4.23.4&#8243; _module_preset=&#8220;default&#8220; width=&#8220;100%&#8220; custom_padding=&#8220;||0px||false|false&#8220; global_colors_info=&#8220;{}&#8220;][et_pb_column type=&#8220;4_4&#8243; _builder_version=&#8220;4.23.4&#8243; _module_preset=&#8220;default&#8220; global_colors_info=&#8220;{}&#8220;][et_pb_post_title meta=&#8220;off&#8220; featured_image=&#8220;off&#8220; _builder_version=&#8220;4.23.4&#8243; _module_preset=&#8220;default&#8220; title_text_color=&#8220;#6161ac&#8220; use_background_color_gradient=&#8220;on&#8220; background_color_gradient_type=&#8220;elliptical&#8220; background_color_gradient_stops=&#8220;#2e2e50 0%|#120d0d 100%&#8220; width=&#8220;100%&#8220; min_height=&#8220;3vw&#8220; custom_padding=&#8220;1.5vw|||2vw|false|false&#8220; border_radii=&#8220;off|15px|15px||&#8220; global_colors_info=&#8220;{}&#8220;][\/et_pb_post_title][\/et_pb_column][\/et_pb_row][\/et_pb_section][et_pb_section fb_built=&#8220;1&#8243; _builder_version=&#8220;4.23&#8243; _module_preset=&#8220;default&#8220; background_color=&#8220;#000000&#8243; custom_padding=&#8220;0px||0px||false|false&#8220; global_colors_info=&#8220;{}&#8220;][et_pb_row _builder_version=&#8220;4.23&#8243; _module_preset=&#8220;default&#8220; custom_padding=&#8220;0px||||false|false&#8220; global_colors_info=&#8220;{}&#8220;][et_pb_column type=&#8220;4_4&#8243; _builder_version=&#8220;4.23&#8243; _module_preset=&#8220;default&#8220; global_colors_info=&#8220;{}&#8220;][et_pb_code _builder_version=&#8220;4.23&#8243; _module_preset=&#8220;default&#8220; hover_enabled=&#8220;0&#8243; global_colors_info=&#8220;{}&#8220; sticky_enabled=&#8220;0&#8243;]<style id=\"wpforms-css-vars-150\">\n\t\t\t\t#wpforms-150 {\n\t\t\t\t\n\t\t\t}\n\t\t\t<\/style><div class=\"wpforms-container wpforms-container-full wpforms-render-modern\" id=\"wpforms-150\"><form id=\"wpforms-form-150\" class=\"wpforms-validate wpforms-form wpforms-ajax-form\" data-formid=\"150\" method=\"post\" enctype=\"multipart\/form-data\" action=\"\/en\/wp-json\/wp\/v2\/pages\/84\" data-token=\"011ded0f22c23b16a044371671469af4\" data-token-time=\"1778859136\" data-trp-original-action=\"\/en\/wp-json\/wp\/v2\/pages\/84\"><noscript class=\"wpforms-error-noscript\">Please enable JavaScript in your browser to complete this form.<\/noscript><div id=\"wpforms-error-noscript\" style=\"display: none;\">Please enable JavaScript in your browser to complete this form.<\/div><div class=\"wpforms-field-container\"><div id=\"wpforms-150-field_4-container\" class=\"wpforms-field wpforms-field-text\" data-field-id=\"4\"><label class=\"wpforms-field-label\" for=\"wpforms-150-field_4\">Name <span class=\"wpforms-required-label\" aria-hidden=\"true\">*<\/span><\/label><input type=\"text\" id=\"wpforms-150-field_4\" class=\"wpforms-field-large wpforms-field-required\" name=\"wpforms[fields][4]\" aria-errormessage=\"wpforms-150-field_4-error\" required><\/div><div id=\"wpforms-150-field_1-container\" class=\"wpforms-field wpforms-field-email\" data-field-id=\"1\"><label class=\"wpforms-field-label\" for=\"wpforms-150-field_1\">Email Address <span class=\"wpforms-required-label\" aria-hidden=\"true\">*<\/span><\/label><input type=\"email\" id=\"wpforms-150-field_1\" class=\"wpforms-field-large wpforms-field-required\" name=\"wpforms[fields][1]\" spellcheck=\"false\" aria-errormessage=\"wpforms-150-field_1-error\" required><\/div><div id=\"wpforms-150-field_3-container\" class=\"wpforms-field wpforms-field-number\" data-field-id=\"3\"><label class=\"wpforms-field-label\" for=\"wpforms-150-field_3\">Phone (optional)<\/label><input type=\"number\" id=\"wpforms-150-field_3\" class=\"wpforms-field-large\" name=\"wpforms[fields][3]\" step=\"any\" aria-errormessage=\"wpforms-150-field_3-error\" ><\/div><div id=\"wpforms-150-field_2-container\" class=\"wpforms-field wpforms-field-textarea\" data-field-id=\"2\"><label class=\"wpforms-field-label\" for=\"wpforms-150-field_2\">Message <span class=\"wpforms-required-label\" aria-hidden=\"true\">*<\/span><\/label><textarea id=\"wpforms-150-field_2\" class=\"wpforms-field-large wpforms-field-required\" name=\"wpforms[fields][2]\" aria-errormessage=\"wpforms-150-field_2-error\" required><\/textarea><\/div><div id=\"wpforms-150-field_8-container\" class=\"wpforms-field wpforms-field-text placeholderemail\" data-field-id=\"8\"><label class=\"wpforms-field-label\" for=\"wpforms-150-field_8\">Alternativ direkt per E-Mail an: info[at]mysticalwanderers.de<\/label><input type=\"text\" id=\"wpforms-150-field_8\" class=\"wpforms-field-medium wpforms-masked-input\" data-rule-inputmask-incomplete=\"1\" data-inputmask-mask=\"info[at]mysticalwanderers.de\" name=\"wpforms[fields][8]\" value=\"info[at]mysticalwanderers.de\" aria-errormessage=\"wpforms-150-field_8-error\" ><\/div><div id=\"wpforms-150-field_5-container\" class=\"wpforms-field wpforms-field-checkbox\" data-field-id=\"5\"><fieldset><legend class=\"wpforms-field-label\">Consent to data protection <span class=\"wpforms-required-label\" aria-hidden=\"true\">*<\/span><\/legend><ul id=\"wpforms-150-field_5\" class=\"wpforms-field-required\"><li class=\"choice-1 depth-1\"><input type=\"checkbox\" id=\"wpforms-150-field_5_1\" name=\"wpforms[fields][5][]\" value=\"Ich bin damit einverstanden, dass diese Website meine eingereichten Informationen speichert, damit auf meine Anfrage geantwortet werden kann. Weitere Informationen zum &lt;a rel=&quot;noopener&quot; target=&quot;_blank&quot; href=&quot;https:\/\/mysticalwanderers.de\/datenschutz\/&quot;&gt;Datenschutz&lt;\/a&gt;\" aria-errormessage=\"wpforms-150-field_5_1-error\" required><label class=\"wpforms-field-label-inline\" for=\"wpforms-150-field_5_1\">I consent to this website storing my submitted information so that my enquiry can be responded to. Further information on <a rel=\"noopener\" target=\"_blank\" href=\"https:\/\/mysticalwanderers.de\/en\/datenschutz\/\">Data Protection<\/a><\/label><\/li><\/ul><\/fieldset><\/div><\/div><!-- .wpforms-field-container --><div class=\"wpforms-recaptcha-container wpforms-is-recaptcha wpforms-is-recaptcha-type-v2\" ><div class=\"g-recaptcha\" data-sitekey=\"6Ldc3pApAAAAACG-OSfyzVBtZmzn7q6pt9Ua3P0P\"><\/div><input type=\"text\" name=\"g-recaptcha-hidden\" class=\"wpforms-recaptcha-hidden\" style=\"position:absolute!important;clip:rect(0,0,0,0)!important;height:1px!important;width:1px!important;border:0!important;overflow:hidden!important;padding:0!important;margin:0!important;\" data-rule-recaptcha=\"1\"><\/div><div class=\"wpforms-submit-container\" ><input type=\"hidden\" name=\"wpforms[id]\" value=\"150\"><input type=\"hidden\" name=\"page_title\" value=\"\"><input type=\"hidden\" name=\"page_url\" value=\"https:\/\/mysticalwanderers.de\/en\/wp-json\/wp\/v2\/pages\/84\"><input type=\"hidden\" name=\"url_referer\" value=\"\"><button type=\"submit\" name=\"wpforms[submit]\" id=\"wpforms-submit-150\" class=\"wpforms-submit\" data-alt-text=\"Wird gesendet\u00a0\u2026\" data-submit-text=\"Absenden\" aria-live=\"assertive\" value=\"wpforms-submit\">Submit<\/button><img loading=\"lazy\" decoding=\"async\" src=\"https:\/\/mysticalwanderers.de\/wp-content\/plugins\/wpforms-lite\/assets\/images\/submit-spin.svg\" class=\"wpforms-submit-spinner\" style=\"display: none;\" width=\"26\" height=\"26\" alt=\"Loading\"><\/div><input type=\"hidden\" name=\"trp-form-language\" value=\"en\"\/><\/form><\/div>  <!-- .wpforms-container -->\t[\/et_pb_code][\/et_pb_column][\/et_pb_row][\/et_pb_section]<\/div>\n<\/div><\/div>","protected":false},"excerpt":{"rendered":"","protected":false},"author":1,"featured_media":0,"parent":0,"menu_order":0,"comment_status":"closed","ping_status":"closed","template":"","meta":{"_et_pb_use_builder":"off","_et_pb_old_content":"","_et_gb_content_width":"","_uag_custom_page_level_css":"","_themeisle_gutenberg_block_has_review":false,"footnotes":""},"difl_page_category":[],"class_list":["post-84","page","type-page","status-publish","hentry"],"yoast_head":"<!-- This site is optimized with the Yoast SEO plugin v27.6 - https:\/\/yoast.com\/product\/yoast-seo-wordpress\/ -->\n<title>Kontakt - Mystical Wanderers Official<\/title>\n<meta name=\"description\" content=\"F\u00fcr Anfragen stehen wir gerne \u00fcber unser Kontaktformular zu Verf\u00fcgung. Wir freuen uns schon von Dir \/ Euch zu h\u00f6ren! =)\" \/>\n<meta name=\"robots\" content=\"index, follow, max-snippet:-1, max-image-preview:large, max-video-preview:-1\" \/>\n<link rel=\"canonical\" href=\"https:\/\/mysticalwanderers.de\/en\/kontakt\/\" \/>\n<meta property=\"og:locale\" content=\"en_GB\" \/>\n<meta property=\"og:type\" content=\"article\" \/>\n<meta property=\"og:title\" content=\"Kontakt - Mystical Wanderers Official\" \/>\n<meta property=\"og:description\" content=\"F\u00fcr Anfragen stehen wir gerne \u00fcber unser Kontaktformular zu Verf\u00fcgung. Wir freuen uns schon von Dir \/ Euch zu h\u00f6ren! =)\" \/>\n<meta property=\"og:url\" content=\"https:\/\/mysticalwanderers.de\/en\/kontakt\/\" \/>\n<meta property=\"og:site_name\" content=\"Mystical Wanderers Official\" \/>\n<meta property=\"article:modified_time\" content=\"2024-02-11T18:01:17+00:00\" \/>\n<meta name=\"twitter:card\" content=\"summary_large_image\" \/>\n<meta name=\"twitter:label1\" content=\"Estimated reading time\" \/>\n\t<meta name=\"twitter:data1\" content=\"1 minute\" \/>\n<script type=\"application\/ld+json\" class=\"yoast-schema-graph\">{\"@context\":\"https:\\\/\\\/schema.org\",\"@graph\":[{\"@type\":\"WebPage\",\"@id\":\"https:\\\/\\\/mysticalwanderers.de\\\/kontakt\\\/\",\"url\":\"https:\\\/\\\/mysticalwanderers.de\\\/kontakt\\\/\",\"name\":\"Kontakt - Mystical Wanderers Official\",\"isPartOf\":{\"@id\":\"https:\\\/\\\/mysticalwanderers.de\\\/#website\"},\"datePublished\":\"2024-02-11T15:08:39+00:00\",\"dateModified\":\"2024-02-11T18:01:17+00:00\",\"description\":\"F\u00fcr Anfragen stehen wir gerne \u00fcber unser Kontaktformular zu Verf\u00fcgung. Wir freuen uns schon von Dir \\\/ Euch zu h\u00f6ren! =)\",\"breadcrumb\":{\"@id\":\"https:\\\/\\\/mysticalwanderers.de\\\/kontakt\\\/#breadcrumb\"},\"inLanguage\":\"en-GB\",\"potentialAction\":[{\"@type\":\"ReadAction\",\"target\":[\"https:\\\/\\\/mysticalwanderers.de\\\/kontakt\\\/\"]}]},{\"@type\":\"BreadcrumbList\",\"@id\":\"https:\\\/\\\/mysticalwanderers.de\\\/kontakt\\\/#breadcrumb\",\"itemListElement\":[{\"@type\":\"ListItem\",\"position\":1,\"name\":\"Startseite\",\"item\":\"https:\\\/\\\/mysticalwanderers.de\\\/\"},{\"@type\":\"ListItem\",\"position\":2,\"name\":\"Kontakt\"}]},{\"@type\":\"WebSite\",\"@id\":\"https:\\\/\\\/mysticalwanderers.de\\\/#website\",\"url\":\"https:\\\/\\\/mysticalwanderers.de\\\/\",\"name\":\"Mystical Wanderers Official\",\"description\":\"Deep Electronic Folk\",\"potentialAction\":[{\"@type\":\"SearchAction\",\"target\":{\"@type\":\"EntryPoint\",\"urlTemplate\":\"https:\\\/\\\/mysticalwanderers.de\\\/?s={search_term_string}\"},\"query-input\":{\"@type\":\"PropertyValueSpecification\",\"valueRequired\":true,\"valueName\":\"search_term_string\"}}],\"inLanguage\":\"en-GB\"}]}<\/script>\n<!-- \/ Yoast SEO plugin. -->","yoast_head_json":{"title":"Kontakt - Mystical Wanderers Official","description":"F\u00fcr Anfragen stehen wir gerne \u00fcber unser Kontaktformular zu Verf\u00fcgung. Wir freuen uns schon von Dir \/ Euch zu h\u00f6ren! =)","robots":{"index":"index","follow":"follow","max-snippet":"max-snippet:-1","max-image-preview":"max-image-preview:large","max-video-preview":"max-video-preview:-1"},"canonical":"https:\/\/mysticalwanderers.de\/en\/kontakt\/","og_locale":"en_GB","og_type":"article","og_title":"Kontakt - Mystical Wanderers Official","og_description":"F\u00fcr Anfragen stehen wir gerne \u00fcber unser Kontaktformular zu Verf\u00fcgung. Wir freuen uns schon von Dir \/ Euch zu h\u00f6ren! =)","og_url":"https:\/\/mysticalwanderers.de\/en\/kontakt\/","og_site_name":"Mystical Wanderers Official","article_modified_time":"2024-02-11T18:01:17+00:00","twitter_card":"summary_large_image","twitter_misc":{"Estimated reading time":"1 minute"},"schema":{"@context":"https:\/\/schema.org","@graph":[{"@type":"WebPage","@id":"https:\/\/mysticalwanderers.de\/kontakt\/","url":"https:\/\/mysticalwanderers.de\/kontakt\/","name":"Kontakt - Mystical Wanderers Official","isPartOf":{"@id":"https:\/\/mysticalwanderers.de\/#website"},"datePublished":"2024-02-11T15:08:39+00:00","dateModified":"2024-02-11T18:01:17+00:00","description":"F\u00fcr Anfragen stehen wir gerne \u00fcber unser Kontaktformular zu Verf\u00fcgung. Wir freuen uns schon von Dir \/ Euch zu h\u00f6ren! =)","breadcrumb":{"@id":"https:\/\/mysticalwanderers.de\/kontakt\/#breadcrumb"},"inLanguage":"en-GB","potentialAction":[{"@type":"ReadAction","target":["https:\/\/mysticalwanderers.de\/kontakt\/"]}]},{"@type":"BreadcrumbList","@id":"https:\/\/mysticalwanderers.de\/kontakt\/#breadcrumb","itemListElement":[{"@type":"ListItem","position":1,"name":"Startseite","item":"https:\/\/mysticalwanderers.de\/"},{"@type":"ListItem","position":2,"name":"Kontakt"}]},{"@type":"WebSite","@id":"https:\/\/mysticalwanderers.de\/#website","url":"https:\/\/mysticalwanderers.de\/","name":"Mystical Wanderers Official","description":"Deep Electronic Folk","potentialAction":[{"@type":"SearchAction","target":{"@type":"EntryPoint","urlTemplate":"https:\/\/mysticalwanderers.de\/?s={search_term_string}"},"query-input":{"@type":"PropertyValueSpecification","valueRequired":true,"valueName":"search_term_string"}}],"inLanguage":"en-GB"}]}},"uagb_featured_image_src":{"full":false,"thumbnail":false,"medium":false,"medium_large":false,"large":false,"1536x1536":false,"2048x2048":false,"trp-custom-language-flag":false,"et-pb-post-main-image":false,"et-pb-post-main-image-fullwidth":false,"et-pb-portfolio-image":false,"et-pb-portfolio-module-image":false,"et-pb-portfolio-image-single":false,"et-pb-gallery-module-image-portrait":false,"et-pb-post-main-image-fullwidth-large":false,"et-pb-image--responsive--desktop":false,"et-pb-image--responsive--tablet":false,"et-pb-image--responsive--phone":false,"audioigniter_cover":false},"uagb_author_info":{"display_name":false,"author_link":"https:\/\/mysticalwanderers.de\/en\/author\/addmin\/"},"uagb_comment_info":0,"uagb_excerpt":null,"_links":{"self":[{"href":"https:\/\/mysticalwanderers.de\/en\/wp-json\/wp\/v2\/pages\/84","targetHints":{"allow":["GET"]}}],"collection":[{"href":"https:\/\/mysticalwanderers.de\/en\/wp-json\/wp\/v2\/pages"}],"about":[{"href":"https:\/\/mysticalwanderers.de\/en\/wp-json\/wp\/v2\/types\/page"}],"author":[{"embeddable":true,"href":"https:\/\/mysticalwanderers.de\/en\/wp-json\/wp\/v2\/users\/1"}],"replies":[{"embeddable":true,"href":"https:\/\/mysticalwanderers.de\/en\/wp-json\/wp\/v2\/comments?post=84"}],"version-history":[{"count":3,"href":"https:\/\/mysticalwanderers.de\/en\/wp-json\/wp\/v2\/pages\/84\/revisions"}],"predecessor-version":[{"id":156,"href":"https:\/\/mysticalwanderers.de\/en\/wp-json\/wp\/v2\/pages\/84\/revisions\/156"}],"wp:attachment":[{"href":"https:\/\/mysticalwanderers.de\/en\/wp-json\/wp\/v2\/media?parent=84"}],"wp:term":[{"taxonomy":"difl_page_category","embeddable":true,"href":"https:\/\/mysticalwanderers.de\/en\/wp-json\/wp\/v2\/difl_page_category?post=84"}],"curies":[{"name":"wp","href":"https:\/\/api.w.org\/{rel}","templated":true}]}}